{"id":7736,"date":"2019-05-29T09:34:51","date_gmt":"2019-05-29T07:34:51","guid":{"rendered":"http:\/\/dev.pentronic.hemsida.eu\/brochures\/"},"modified":"2026-01-15T08:53:03","modified_gmt":"2026-01-15T07:53:03","slug":"brochures","status":"publish","type":"page","link":"https:\/\/www.pentronic.se\/en\/brochures\/","title":{"rendered":"Brochures"},"content":{"rendered":"\n<h1>\n  Brochures<\/h1><h2  id=\"brochures\">\n\t\t\tBrochures and information sheets\t<\/h2>\n\t<p>Here you will find Pentronics brochures and information sheets.<\/p>\n<h3>\n\t\t\tInneh\u00e5ll\t<\/h3>\n\t<ol>\n<li><a href=\"#brochures\">Brochures and information sheets<\/a><\/li>\n<li><a href=\"#notupdated\">Not updated Brochures<\/a><\/li>\n<\/ol>\n\t\t\t\t<a href=\"https:\/\/www.pentronic.se\/wp-content\/uploads\/2020\/10\/plb5000.pdf\"  target=\"_blank\" rel=\"noopener\"  itemprop=\"url\">\n\t\t\t\t<img decoding=\"async\" src=\"https:\/\/www.pentronic.se\/wp-content\/uploads\/2020\/10\/plb5000.jpg\" alt=\"PLB5000\" itemprop=\"image\" height=\"2339\" width=\"1654\" title=\"PLB5000\" onerror=\"this.style.display='none'\" loading=\"lazy\" \/>\n\t\t\t\t<\/a>\n\t\t\t\t<a href=\"https:\/\/www.pentronic.se\/wp-content\/uploads\/2021\/03\/gedevelop.pdf\"  target=\"_blank\" rel=\"noopener\"  itemprop=\"url\">\n\t\t\t\t<img decoding=\"async\" src=\"https:\/\/www.pentronic.se\/wp-content\/uploads\/2021\/03\/gedevelop.jpg\" alt=\"Gedevelop\" itemprop=\"image\" height=\"2059\" width=\"1459\" title=\"Gedevelop\" onerror=\"this.style.display='none'\" loading=\"lazy\" \/>\n\t\t\t\t<\/a>\n\t\t\t\t<a href=\"https:\/\/www.pentronic.se\/wp-content\/uploads\/2026\/01\/model-portfolio-2025_en.pdf\"  target=\"_blank\" rel=\"noopener\"  itemprop=\"url\">\n\t\t\t\t<img decoding=\"async\" src=\"https:\/\/www.pentronic.se\/wp-content\/uploads\/2026\/01\/modellprogram-2025_en-906x1280.jpg\" alt=\"Model Portfolio\" itemprop=\"image\" height=\"1280\" width=\"906\" title=\"Modellprogram 2025 (EN)\" onerror=\"this.style.display='none'\" loading=\"lazy\" \/>\n\t\t\t\t<\/a>\n\t\t\t\t<a href=\"https:\/\/www.pentronic.se\/wp-content\/uploads\/2019\/06\/dimensions-and-resistances.pdf\"  target=\"_blank\" rel=\"noopener\"  itemprop=\"url\">\n\t\t\t\t<img decoding=\"async\" src=\"https:\/\/www.pentronic.se\/wp-content\/uploads\/2019\/06\/dimensions-and-resistances-for-thermocouple-wires-905x1280.jpg\" alt=\"Dimensions and resistances for thermocouple wires\" itemprop=\"image\" height=\"1280\" width=\"905\" title=\"Dimensions and resistances for thermocouple wires\" onerror=\"this.style.display='none'\" loading=\"lazy\" \/>\n\t\t\t\t<\/a>\n\t\t\t\t<a href=\"https:\/\/www.pentronic.se\/wp-content\/uploads\/2023\/12\/allmannarad_uk-se.pdf\"  target=\"_blank\" rel=\"noopener\"  itemprop=\"url\">\n\t\t\t\t<img decoding=\"async\" src=\"https:\/\/www.pentronic.se\/wp-content\/uploads\/2023\/12\/rad-och-hantering.jpg\" alt=\"Bild p\u00e5 informationsblad f\u00f6r r\u00e5d och hantering\" itemprop=\"image\" height=\"854\" width=\"605\" title=\"R\u00e5d och hantering\" onerror=\"this.style.display='none'\" loading=\"lazy\" \/>\n\t\t\t\t<\/a>\n\t\t\t\t<img decoding=\"async\" src=\"https:\/\/www.pentronic.se\/wp-content\/plugins\/bb-plugin\/img\/pixel.png\" alt=\"\" itemprop=\"image\" onerror=\"this.style.display='none'\" loading=\"lazy\" \/>\n\t\t\t\t<img decoding=\"async\" src=\"https:\/\/www.pentronic.se\/wp-content\/plugins\/bb-plugin\/img\/pixel.png\" alt=\"\" itemprop=\"image\" onerror=\"this.style.display='none'\" loading=\"lazy\" \/>\n<h2  id=\"notupdated\">\n\t\t\tNot updated Brochures\t<\/h2>\n\t<p>Here we have saved some of the brochures we previously used and which are not updated.<\/p>\n\t\t\t\t<a href=\"https:\/\/www.pentronic.se\/wp-content\/uploads\/2021\/07\/prodtjanster-en_.pdf\"  target=\"_blank\" rel=\"noopener\"  itemprop=\"url\">\n\t\t\t\t<img decoding=\"async\" src=\"https:\/\/www.pentronic.se\/wp-content\/uploads\/2021\/07\/prodtjanster-e-2021.jpg\" alt=\"Picture of the broshyre\" itemprop=\"image\" height=\"1670\" width=\"1181\" title=\"prodtj\u00e4nster.E.2021\" onerror=\"this.style.display='none'\" loading=\"lazy\" \/>\n\t\t\t\t<\/a>\n\t\t\t\t<a href=\"https:\/\/www.pentronic.se\/wp-content\/uploads\/2021\/11\/temperature-sensors-in-stock.pdf\"  target=\"_blank\" rel=\"noopener\"  itemprop=\"url\">\n\t\t\t\t<img decoding=\"async\" src=\"https:\/\/www.pentronic.se\/wp-content\/uploads\/2021\/11\/lagerbroschyr_en.jpg\" alt=\"Front page for the brochure with temperature sensors in stock\" itemprop=\"image\" height=\"792\" width=\"563\" title=\"Temperature sensors in stock\" onerror=\"this.style.display='none'\" loading=\"lazy\" \/>\n\t\t\t\t<\/a>\n\n","protected":false},"excerpt":{"rendered":"<p>Brochures Brochures and information sheets Here you will find Pentronics brochures and information sheets. Inneh\u00e5ll Brochures and information sheets Not updated Brochures Not updated Brochures Here we have saved some of the brochures we previously used and which are not updated.<\/p>\n","protected":false},"author":2,"featured_media":0,"parent":0,"menu_order":6,"comment_status":"closed","ping_status":"closed","template":"template-content_page.php","meta":{"_acf_changed":false,"_genesis_hide_title":false,"_genesis_hide_breadcrumbs":false,"_genesis_hide_singular_image":false,"_genesis_hide_footer_widgets":false,"_genesis_custom_body_class":"","_genesis_custom_post_class":"","_genesis_layout":"","footnotes":""},"class_list":{"0":"post-7736","1":"page","2":"type-page","3":"status-publish","5":"entry"},"acf":[],"yoast_head":"<!-- This site is optimized with the Yoast SEO plugin v27.3 - https:\/\/yoast.com\/product\/yoast-seo-wordpress\/ -->\n<title>Brochures &#187; Pentronic<\/title>\n<meta name=\"description\" content=\"Here you will find Pentronic&#039;s brochures, product sheets and leaflets for products, accredited calibration, training etc.\" \/>\n<meta name=\"robots\" content=\"index, follow, max-snippet:-1, max-image-preview:large, max-video-preview:-1\" \/>\n<link rel=\"canonical\" href=\"https:\/\/www.pentronic.se\/en\/brochures\/\" \/>\n<meta property=\"og:locale\" content=\"en_US\" \/>\n<meta property=\"og:type\" content=\"article\" \/>\n<meta property=\"og:title\" content=\"Brochures &#187; Pentronic\" \/>\n<meta property=\"og:description\" content=\"Here you will find Pentronic&#039;s brochures, product sheets and leaflets for products, accredited calibration, training etc.\" \/>\n<meta property=\"og:url\" content=\"https:\/\/www.pentronic.se\/en\/brochures\/\" \/>\n<meta property=\"og:site_name\" content=\"Pentronic\" \/>\n<meta property=\"article:modified_time\" content=\"2026-01-15T07:53:03+00:00\" \/>\n<meta property=\"og:image\" content=\"https:\/\/www.pentronic.se\/wp-content\/uploads\/2020\/10\/plb5000.jpg\" \/>\n<meta name=\"twitter:card\" content=\"summary_large_image\" \/>\n<script type=\"application\/ld+json\" class=\"yoast-schema-graph\">{\"@context\":\"https:\\\/\\\/schema.org\",\"@graph\":[{\"@type\":\"WebPage\",\"@id\":\"https:\\\/\\\/www.pentronic.se\\\/en\\\/brochures\\\/\",\"url\":\"https:\\\/\\\/www.pentronic.se\\\/en\\\/brochures\\\/\",\"name\":\"Brochures &#187; Pentronic\",\"isPartOf\":{\"@id\":\"https:\\\/\\\/www.pentronic.se\\\/en\\\/#website\"},\"primaryImageOfPage\":{\"@id\":\"https:\\\/\\\/www.pentronic.se\\\/en\\\/brochures\\\/#primaryimage\"},\"image\":{\"@id\":\"https:\\\/\\\/www.pentronic.se\\\/en\\\/brochures\\\/#primaryimage\"},\"thumbnailUrl\":\"https:\\\/\\\/www.pentronic.se\\\/wp-content\\\/uploads\\\/2020\\\/10\\\/plb5000.jpg\",\"datePublished\":\"2019-05-29T07:34:51+00:00\",\"dateModified\":\"2026-01-15T07:53:03+00:00\",\"description\":\"Here you will find Pentronic's brochures, product sheets and leaflets for products, accredited calibration, training etc.\",\"breadcrumb\":{\"@id\":\"https:\\\/\\\/www.pentronic.se\\\/en\\\/brochures\\\/#breadcrumb\"},\"inLanguage\":\"en-US\",\"potentialAction\":[{\"@type\":\"ReadAction\",\"target\":[\"https:\\\/\\\/www.pentronic.se\\\/en\\\/brochures\\\/\"]}]},{\"@type\":\"ImageObject\",\"inLanguage\":\"en-US\",\"@id\":\"https:\\\/\\\/www.pentronic.se\\\/en\\\/brochures\\\/#primaryimage\",\"url\":\"https:\\\/\\\/www.pentronic.se\\\/wp-content\\\/uploads\\\/2020\\\/10\\\/plb5000.jpg\",\"contentUrl\":\"https:\\\/\\\/www.pentronic.se\\\/wp-content\\\/uploads\\\/2020\\\/10\\\/plb5000.jpg\"},{\"@type\":\"BreadcrumbList\",\"@id\":\"https:\\\/\\\/www.pentronic.se\\\/en\\\/brochures\\\/#breadcrumb\",\"itemListElement\":[{\"@type\":\"ListItem\",\"position\":1,\"name\":\"Hem\",\"item\":\"https:\\\/\\\/www.pentronic.se\\\/en\\\/\"},{\"@type\":\"ListItem\",\"position\":2,\"name\":\"Brochures\"}]},{\"@type\":\"WebSite\",\"@id\":\"https:\\\/\\\/www.pentronic.se\\\/en\\\/#website\",\"url\":\"https:\\\/\\\/www.pentronic.se\\\/en\\\/\",\"name\":\"Pentronic\",\"description\":\"Ledande tillverkare av temperaturgivare\",\"publisher\":{\"@id\":\"https:\\\/\\\/www.pentronic.se\\\/en\\\/#organization\"},\"potentialAction\":[{\"@type\":\"SearchAction\",\"target\":{\"@type\":\"EntryPoint\",\"urlTemplate\":\"https:\\\/\\\/www.pentronic.se\\\/en\\\/?s={search_term_string}\"},\"query-input\":{\"@type\":\"PropertyValueSpecification\",\"valueRequired\":true,\"valueName\":\"search_term_string\"}}],\"inLanguage\":\"en-US\"},{\"@type\":\"Organization\",\"@id\":\"https:\\\/\\\/www.pentronic.se\\\/en\\\/#organization\",\"name\":\"Pentronic AB\",\"url\":\"https:\\\/\\\/www.pentronic.se\\\/en\\\/\",\"logo\":{\"@type\":\"ImageObject\",\"inLanguage\":\"en-US\",\"@id\":\"https:\\\/\\\/www.pentronic.se\\\/en\\\/#\\\/schema\\\/logo\\\/image\\\/\",\"url\":\"https:\\\/\\\/www.pentronic.se\\\/wp-content\\\/uploads\\\/2019\\\/04\\\/pentronic-p_gra-4.jpg\",\"contentUrl\":\"https:\\\/\\\/www.pentronic.se\\\/wp-content\\\/uploads\\\/2019\\\/04\\\/pentronic-p_gra-4.jpg\",\"width\":840,\"height\":830,\"caption\":\"Pentronic AB\"},\"image\":{\"@id\":\"https:\\\/\\\/www.pentronic.se\\\/en\\\/#\\\/schema\\\/logo\\\/image\\\/\"}}]}<\/script>\n<!-- \/ Yoast SEO plugin. -->","yoast_head_json":{"title":"Brochures &#187; Pentronic","description":"Here you will find Pentronic's brochures, product sheets and leaflets for products, accredited calibration, training etc.","robots":{"index":"index","follow":"follow","max-snippet":"max-snippet:-1","max-image-preview":"max-image-preview:large","max-video-preview":"max-video-preview:-1"},"canonical":"https:\/\/www.pentronic.se\/en\/brochures\/","og_locale":"en_US","og_type":"article","og_title":"Brochures &#187; Pentronic","og_description":"Here you will find Pentronic's brochures, product sheets and leaflets for products, accredited calibration, training etc.","og_url":"https:\/\/www.pentronic.se\/en\/brochures\/","og_site_name":"Pentronic","article_modified_time":"2026-01-15T07:53:03+00:00","og_image":[{"url":"https:\/\/www.pentronic.se\/wp-content\/uploads\/2020\/10\/plb5000.jpg","type":"","width":"","height":""}],"twitter_card":"summary_large_image","schema":{"@context":"https:\/\/schema.org","@graph":[{"@type":"WebPage","@id":"https:\/\/www.pentronic.se\/en\/brochures\/","url":"https:\/\/www.pentronic.se\/en\/brochures\/","name":"Brochures &#187; Pentronic","isPartOf":{"@id":"https:\/\/www.pentronic.se\/en\/#website"},"primaryImageOfPage":{"@id":"https:\/\/www.pentronic.se\/en\/brochures\/#primaryimage"},"image":{"@id":"https:\/\/www.pentronic.se\/en\/brochures\/#primaryimage"},"thumbnailUrl":"https:\/\/www.pentronic.se\/wp-content\/uploads\/2020\/10\/plb5000.jpg","datePublished":"2019-05-29T07:34:51+00:00","dateModified":"2026-01-15T07:53:03+00:00","description":"Here you will find Pentronic's brochures, product sheets and leaflets for products, accredited calibration, training etc.","breadcrumb":{"@id":"https:\/\/www.pentronic.se\/en\/brochures\/#breadcrumb"},"inLanguage":"en-US","potentialAction":[{"@type":"ReadAction","target":["https:\/\/www.pentronic.se\/en\/brochures\/"]}]},{"@type":"ImageObject","inLanguage":"en-US","@id":"https:\/\/www.pentronic.se\/en\/brochures\/#primaryimage","url":"https:\/\/www.pentronic.se\/wp-content\/uploads\/2020\/10\/plb5000.jpg","contentUrl":"https:\/\/www.pentronic.se\/wp-content\/uploads\/2020\/10\/plb5000.jpg"},{"@type":"BreadcrumbList","@id":"https:\/\/www.pentronic.se\/en\/brochures\/#breadcrumb","itemListElement":[{"@type":"ListItem","position":1,"name":"Hem","item":"https:\/\/www.pentronic.se\/en\/"},{"@type":"ListItem","position":2,"name":"Brochures"}]},{"@type":"WebSite","@id":"https:\/\/www.pentronic.se\/en\/#website","url":"https:\/\/www.pentronic.se\/en\/","name":"Pentronic","description":"Ledande tillverkare av temperaturgivare","publisher":{"@id":"https:\/\/www.pentronic.se\/en\/#organization"},"potentialAction":[{"@type":"SearchAction","target":{"@type":"EntryPoint","urlTemplate":"https:\/\/www.pentronic.se\/en\/?s={search_term_string}"},"query-input":{"@type":"PropertyValueSpecification","valueRequired":true,"valueName":"search_term_string"}}],"inLanguage":"en-US"},{"@type":"Organization","@id":"https:\/\/www.pentronic.se\/en\/#organization","name":"Pentronic AB","url":"https:\/\/www.pentronic.se\/en\/","logo":{"@type":"ImageObject","inLanguage":"en-US","@id":"https:\/\/www.pentronic.se\/en\/#\/schema\/logo\/image\/","url":"https:\/\/www.pentronic.se\/wp-content\/uploads\/2019\/04\/pentronic-p_gra-4.jpg","contentUrl":"https:\/\/www.pentronic.se\/wp-content\/uploads\/2019\/04\/pentronic-p_gra-4.jpg","width":840,"height":830,"caption":"Pentronic AB"},"image":{"@id":"https:\/\/www.pentronic.se\/en\/#\/schema\/logo\/image\/"}}]}},"_links":{"self":[{"href":"https:\/\/www.pentronic.se\/en\/wp-json\/wp\/v2\/pages\/7736","targetHints":{"allow":["GET"]}}],"collection":[{"href":"https:\/\/www.pentronic.se\/en\/wp-json\/wp\/v2\/pages"}],"about":[{"href":"https:\/\/www.pentronic.se\/en\/wp-json\/wp\/v2\/types\/page"}],"author":[{"embeddable":true,"href":"https:\/\/www.pentronic.se\/en\/wp-json\/wp\/v2\/users\/2"}],"replies":[{"embeddable":true,"href":"https:\/\/www.pentronic.se\/en\/wp-json\/wp\/v2\/comments?post=7736"}],"version-history":[{"count":33,"href":"https:\/\/www.pentronic.se\/en\/wp-json\/wp\/v2\/pages\/7736\/revisions"}],"predecessor-version":[{"id":18184,"href":"https:\/\/www.pentronic.se\/en\/wp-json\/wp\/v2\/pages\/7736\/revisions\/18184"}],"wp:attachment":[{"href":"https:\/\/www.pentronic.se\/en\/wp-json\/wp\/v2\/media?parent=7736"}],"curies":[{"name":"wp","href":"https:\/\/api.w.org\/{rel}","templated":true}]}}