{"id":6774,"date":"2019-05-28T11:44:59","date_gmt":"2019-05-28T09:44:59","guid":{"rendered":"http:\/\/dev.pentronic.hemsida.eu\/news-exhibitions\/"},"modified":"2026-04-17T10:10:50","modified_gmt":"2026-04-17T08:10:50","slug":"news-exhibitions","status":"publish","type":"page","link":"https:\/\/www.pentronic.se\/en\/news-exhibitions\/","title":{"rendered":"News &#038; Exhibitions"},"content":{"rendered":"\n<h1>\n  News &#038; Exhibitions<\/h1><h2>\n\t\t\tLatest news from Pentronic\u00a0\t<\/h2>\n<h2>\n\t\t\tPlanned exhibitions 2026\t<\/h2>\n\t<ul>\n<li>January 21-22: Fair Euro Expo Karlstad<\/li>\n<li>February 10: LARM Job Fair LIU Link\u00f6ping<\/li>\n<li>April 28: Pentronic Temperature Seminar, Malm\u00f6 Live<\/li>\n<li>May 6-7: Fair Euro Expo Pite\u00e5<\/li>\n<li>September 9-10: Training course V\u00e4stervik<br \/>\n<em>Traceable temperature measurement 1<\/em><\/li>\n<li>October 20-22: Fair Processteknik Gothenburg<\/li>\n<li>November 10-12: Fair Elmia Subcontractor &#8211; Sm\u00e5landsmontern<\/li>\n<\/ul>\n\n","protected":false},"excerpt":{"rendered":"<p>News &#038; Exhibitions Latest news from Pentronic\u00a0 Planned exhibitions 2026 January 21-22: Fair Euro Expo Karlstad February 10: LARM Job Fair LIU Link\u00f6ping April 28: Pentronic Temperature Seminar, Malm\u00f6 Live May 6-7: Fair Euro Expo Pite\u00e5 September 9-10: Training course V\u00e4stervik Traceable temperature measurement 1 October 20-22: Fair Processteknik Gothenburg November 10-12: Fair Elmia Subcontractor [&hellip;]<\/p>\n","protected":false},"author":2,"featured_media":0,"parent":0,"menu_order":0,"comment_status":"closed","ping_status":"closed","template":"template-content_page.php","meta":{"_acf_changed":false,"_genesis_hide_title":false,"_genesis_hide_breadcrumbs":false,"_genesis_hide_singular_image":false,"_genesis_hide_footer_widgets":false,"_genesis_custom_body_class":"","_genesis_custom_post_class":"","_genesis_layout":"","footnotes":""},"class_list":{"0":"post-6774","1":"page","2":"type-page","3":"status-publish","5":"entry"},"acf":[],"yoast_head":"<!-- This site is optimized with the Yoast SEO plugin v27.3 - https:\/\/yoast.com\/product\/yoast-seo-wordpress\/ -->\n<title>News &amp; Exhibitions &#187; Pentronic<\/title>\n<meta name=\"description\" content=\"Latest news from Pentronic and planned exhibitions.\" \/>\n<meta name=\"robots\" content=\"index, follow, max-snippet:-1, max-image-preview:large, max-video-preview:-1\" \/>\n<link rel=\"canonical\" href=\"https:\/\/www.pentronic.se\/en\/news-exhibitions\/\" \/>\n<meta property=\"og:locale\" content=\"en_US\" \/>\n<meta property=\"og:type\" content=\"article\" \/>\n<meta property=\"og:title\" content=\"News &amp; Exhibitions &#187; Pentronic\" \/>\n<meta property=\"og:description\" content=\"Latest news from Pentronic and planned exhibitions.\" \/>\n<meta property=\"og:url\" content=\"https:\/\/www.pentronic.se\/en\/news-exhibitions\/\" \/>\n<meta property=\"og:site_name\" content=\"Pentronic\" \/>\n<meta property=\"article:modified_time\" content=\"2026-04-17T08:10:50+00:00\" \/>\n<meta name=\"twitter:card\" content=\"summary_large_image\" \/>\n<meta name=\"twitter:label1\" content=\"Est. reading time\" \/>\n\t<meta name=\"twitter:data1\" content=\"2 minutes\" \/>\n<script type=\"application\/ld+json\" class=\"yoast-schema-graph\">{\"@context\":\"https:\\\/\\\/schema.org\",\"@graph\":[{\"@type\":\"WebPage\",\"@id\":\"https:\\\/\\\/www.pentronic.se\\\/en\\\/news-exhibitions\\\/\",\"url\":\"https:\\\/\\\/www.pentronic.se\\\/en\\\/news-exhibitions\\\/\",\"name\":\"News & Exhibitions &#187; Pentronic\",\"isPartOf\":{\"@id\":\"https:\\\/\\\/www.pentronic.se\\\/en\\\/#website\"},\"datePublished\":\"2019-05-28T09:44:59+00:00\",\"dateModified\":\"2026-04-17T08:10:50+00:00\",\"description\":\"Latest news from Pentronic and planned exhibitions.\",\"breadcrumb\":{\"@id\":\"https:\\\/\\\/www.pentronic.se\\\/en\\\/news-exhibitions\\\/#breadcrumb\"},\"inLanguage\":\"en-US\",\"potentialAction\":[{\"@type\":\"ReadAction\",\"target\":[\"https:\\\/\\\/www.pentronic.se\\\/en\\\/news-exhibitions\\\/\"]}]},{\"@type\":\"BreadcrumbList\",\"@id\":\"https:\\\/\\\/www.pentronic.se\\\/en\\\/news-exhibitions\\\/#breadcrumb\",\"itemListElement\":[{\"@type\":\"ListItem\",\"position\":1,\"name\":\"Hem\",\"item\":\"https:\\\/\\\/www.pentronic.se\\\/en\\\/\"},{\"@type\":\"ListItem\",\"position\":2,\"name\":\"News &#038; Exhibitions\"}]},{\"@type\":\"WebSite\",\"@id\":\"https:\\\/\\\/www.pentronic.se\\\/en\\\/#website\",\"url\":\"https:\\\/\\\/www.pentronic.se\\\/en\\\/\",\"name\":\"Pentronic\",\"description\":\"Ledande tillverkare av temperaturgivare\",\"publisher\":{\"@id\":\"https:\\\/\\\/www.pentronic.se\\\/en\\\/#organization\"},\"potentialAction\":[{\"@type\":\"SearchAction\",\"target\":{\"@type\":\"EntryPoint\",\"urlTemplate\":\"https:\\\/\\\/www.pentronic.se\\\/en\\\/?s={search_term_string}\"},\"query-input\":{\"@type\":\"PropertyValueSpecification\",\"valueRequired\":true,\"valueName\":\"search_term_string\"}}],\"inLanguage\":\"en-US\"},{\"@type\":\"Organization\",\"@id\":\"https:\\\/\\\/www.pentronic.se\\\/en\\\/#organization\",\"name\":\"Pentronic AB\",\"url\":\"https:\\\/\\\/www.pentronic.se\\\/en\\\/\",\"logo\":{\"@type\":\"ImageObject\",\"inLanguage\":\"en-US\",\"@id\":\"https:\\\/\\\/www.pentronic.se\\\/en\\\/#\\\/schema\\\/logo\\\/image\\\/\",\"url\":\"https:\\\/\\\/www.pentronic.se\\\/wp-content\\\/uploads\\\/2019\\\/04\\\/pentronic-p_gra-4.jpg\",\"contentUrl\":\"https:\\\/\\\/www.pentronic.se\\\/wp-content\\\/uploads\\\/2019\\\/04\\\/pentronic-p_gra-4.jpg\",\"width\":840,\"height\":830,\"caption\":\"Pentronic AB\"},\"image\":{\"@id\":\"https:\\\/\\\/www.pentronic.se\\\/en\\\/#\\\/schema\\\/logo\\\/image\\\/\"}}]}<\/script>\n<!-- \/ Yoast SEO plugin. -->","yoast_head_json":{"title":"News & Exhibitions &#187; Pentronic","description":"Latest news from Pentronic and planned exhibitions.","robots":{"index":"index","follow":"follow","max-snippet":"max-snippet:-1","max-image-preview":"max-image-preview:large","max-video-preview":"max-video-preview:-1"},"canonical":"https:\/\/www.pentronic.se\/en\/news-exhibitions\/","og_locale":"en_US","og_type":"article","og_title":"News & Exhibitions &#187; Pentronic","og_description":"Latest news from Pentronic and planned exhibitions.","og_url":"https:\/\/www.pentronic.se\/en\/news-exhibitions\/","og_site_name":"Pentronic","article_modified_time":"2026-04-17T08:10:50+00:00","twitter_card":"summary_large_image","twitter_misc":{"Est. reading time":"2 minutes"},"schema":{"@context":"https:\/\/schema.org","@graph":[{"@type":"WebPage","@id":"https:\/\/www.pentronic.se\/en\/news-exhibitions\/","url":"https:\/\/www.pentronic.se\/en\/news-exhibitions\/","name":"News & Exhibitions &#187; Pentronic","isPartOf":{"@id":"https:\/\/www.pentronic.se\/en\/#website"},"datePublished":"2019-05-28T09:44:59+00:00","dateModified":"2026-04-17T08:10:50+00:00","description":"Latest news from Pentronic and planned exhibitions.","breadcrumb":{"@id":"https:\/\/www.pentronic.se\/en\/news-exhibitions\/#breadcrumb"},"inLanguage":"en-US","potentialAction":[{"@type":"ReadAction","target":["https:\/\/www.pentronic.se\/en\/news-exhibitions\/"]}]},{"@type":"BreadcrumbList","@id":"https:\/\/www.pentronic.se\/en\/news-exhibitions\/#breadcrumb","itemListElement":[{"@type":"ListItem","position":1,"name":"Hem","item":"https:\/\/www.pentronic.se\/en\/"},{"@type":"ListItem","position":2,"name":"News &#038; Exhibitions"}]},{"@type":"WebSite","@id":"https:\/\/www.pentronic.se\/en\/#website","url":"https:\/\/www.pentronic.se\/en\/","name":"Pentronic","description":"Ledande tillverkare av temperaturgivare","publisher":{"@id":"https:\/\/www.pentronic.se\/en\/#organization"},"potentialAction":[{"@type":"SearchAction","target":{"@type":"EntryPoint","urlTemplate":"https:\/\/www.pentronic.se\/en\/?s={search_term_string}"},"query-input":{"@type":"PropertyValueSpecification","valueRequired":true,"valueName":"search_term_string"}}],"inLanguage":"en-US"},{"@type":"Organization","@id":"https:\/\/www.pentronic.se\/en\/#organization","name":"Pentronic AB","url":"https:\/\/www.pentronic.se\/en\/","logo":{"@type":"ImageObject","inLanguage":"en-US","@id":"https:\/\/www.pentronic.se\/en\/#\/schema\/logo\/image\/","url":"https:\/\/www.pentronic.se\/wp-content\/uploads\/2019\/04\/pentronic-p_gra-4.jpg","contentUrl":"https:\/\/www.pentronic.se\/wp-content\/uploads\/2019\/04\/pentronic-p_gra-4.jpg","width":840,"height":830,"caption":"Pentronic AB"},"image":{"@id":"https:\/\/www.pentronic.se\/en\/#\/schema\/logo\/image\/"}}]}},"_links":{"self":[{"href":"https:\/\/www.pentronic.se\/en\/wp-json\/wp\/v2\/pages\/6774","targetHints":{"allow":["GET"]}}],"collection":[{"href":"https:\/\/www.pentronic.se\/en\/wp-json\/wp\/v2\/pages"}],"about":[{"href":"https:\/\/www.pentronic.se\/en\/wp-json\/wp\/v2\/types\/page"}],"author":[{"embeddable":true,"href":"https:\/\/www.pentronic.se\/en\/wp-json\/wp\/v2\/users\/2"}],"replies":[{"embeddable":true,"href":"https:\/\/www.pentronic.se\/en\/wp-json\/wp\/v2\/comments?post=6774"}],"version-history":[{"count":90,"href":"https:\/\/www.pentronic.se\/en\/wp-json\/wp\/v2\/pages\/6774\/revisions"}],"predecessor-version":[{"id":18413,"href":"https:\/\/www.pentronic.se\/en\/wp-json\/wp\/v2\/pages\/6774\/revisions\/18413"}],"wp:attachment":[{"href":"https:\/\/www.pentronic.se\/en\/wp-json\/wp\/v2\/media?parent=6774"}],"curies":[{"name":"wp","href":"https:\/\/api.w.org\/{rel}","templated":true}]}}