{"id":5789,"date":"2019-05-07T09:13:35","date_gmt":"2019-05-07T07:13:35","guid":{"rendered":"http:\/\/dev.pentronic.hemsida.eu\/pentronic-academy\/"},"modified":"2022-02-04T09:03:55","modified_gmt":"2022-02-04T08:03:55","slug":"pentronic-academy","status":"publish","type":"page","link":"https:\/\/www.pentronic.se\/en\/services\/pentronic-academy\/","title":{"rendered":"Pentronic Academy"},"content":{"rendered":"\n<h1>\n  Pentronic Academy<\/h1><h2>\n\t\tTraining courses that save more than they cost\n\t<\/h2>\n\t<p>Training in temperature measurements can be a more lucrative investment than buying new advanced instruments. And when it is time for instrumentation purchases you have got better knowledge to make wise decisions. Thus, we dare promising that the Pentronic course saves much more than its cost.<\/p>\n<p>Lately we all have learned that a very little difference of temperature can cause enormous consequences. The global temperature just needed to increase some tenths of a degree C to make the arctic ice masses start melting.\u00a0This shows the importance of precision at temperature measurements.\u00a0The global heating is so small that it would vanish in the normal measurement errors of the industry.<\/p>\n<p>It highlights how important it is to know how and what you are measuring and your ability to evaluate the results correctly.\u00a0Pentronic&#8217;s training courses improve your ability to measure and to evaluate the results.<\/p>\n<p>This knowledge can be turned into reducing whole degrees of measurement errors which in turn creates bases for better product quality, less production faults and reduced costs in your business.<\/p>\n<h2>\n\t\tContent on this page\n\t<\/h2>\n\t<ol>\n<li><a href=\"#tariningcourse\">Training courses that save more than they cost<\/a><br \/>\n<\/li>\n<li><a href=\"#st1\">ST1 &#8211; Traceable temperature measurement 1<\/a><br \/>\n<\/li>\n<li><a href=\"#st2\">ST2 &#8211; Traceable temperature measurement 2<\/a><br \/>\n<\/li>\n<li><a href=\"#customerspecific\">Customer specific trainings<\/a><\/li>\n<li><a href=\"#academyteam\">Our academy team<\/a><\/li>\n<\/ol>\n<h2>\n\t\tST1 &#8211; Traceable temperature measurement 1\n\t<\/h2>\n\tThe original training course at Pentronic<br \/>\nThe first course went in 1991 and has, over the years, been adapted to meet today&#8217;s knowledge requirements.\n<p>The course is for those who are looking for a basic education in traceable temperature measurement. No formal basic knowledge is required. The training begins with a review of different measurement methods, continues with practical laboratory exercises in calibration and sources of measurement errors in order to be summarized in an analysis of the measurement uncertainty.<\/p>\n<p>The training is going on for two days and you always have access to supervisors and the opportunity to discuss your own questions about measurement. After these two days you know where to find the problems and the realistic level of accuracy of your measurements.<\/p>\n\t\t\t\t<img loading=\"lazy\" decoding=\"async\" src=\"https:\/\/www.pentronic.se\/wp-content\/uploads\/2019\/02\/LindaJonasNoa-1024x683.jpg\" alt=\"Kursverksamheten inleddes 1991. Flera f\u00f6retag anv\u00e4nder Pentronics utbildning i temperaturm\u00e4tning och kalibrering som introduktion f\u00f6r nyanst\u00e4llda inom omr\u00e5det.\" itemprop=\"image\" height=\"683\" width=\"1024\" title=\"LindaJonasNoa\" onerror=\"this.style.display='none'\"  \/>\n\t<h3>Content<\/h3>\n<ul>\n<li>Law of nature that govern sensor installations<\/li>\n<li>Thermocouples, characteristics and sources of errors<\/li>\n<li>Resistance thermometers (Pt100 \/ 1000), characteristics and sources of errors<\/li>\n<li>Practical use of IR pyrometers<\/li>\n<li>Calibration methods and quality assurance<\/li>\n<li>Seven practical laboratory exercises<\/li>\n<li>Traceability and measurement uncertainty practically applied to three of the training exercises.<\/li>\n<li>The course is finished by visiting Pentronic&#8217;s manufacturing department for sensors.<\/li>\n<\/ul>\n\t<h3>After the training course<\/h3>\n<p>In conclusion, you will receive a certificate, a proof of your newly acquired competence and a merit in your work. The course fee includes extensive documentation that also serves as a reference work in temperature measurement and calibration. You will receive the measurement uncertainty protocols immediately after the training course via e-mail and can thus begin to analyze your own measurements<\/p>\n<h2>\n\t\tST2 &#8211; Traceable temperature measurement 2\n\t<\/h2>\n\t\t\t\t<img loading=\"lazy\" decoding=\"async\" src=\"https:\/\/www.pentronic.se\/wp-content\/uploads\/2019\/02\/utbildning11-853x1280.jpg\" alt=\"Pentronic Utbildning\" itemprop=\"image\" height=\"1280\" width=\"853\" title=\"Pentronic Utbildning\" onerror=\"this.style.display='none'\"  \/>\n\t<p>ST2 was created to handle the follow-up questions that arose from the course ST1. ST2 is a more in-depth treatment of topics in the basic course with the emphasis on calibration and measurement uncertainty.<\/p>\n<p>&#8220;Traceable temperature measurement 2&#8221; is for you who have previously taken ST1 or have corresponding knowledge. It lasts for three days, one day of which is dedicated to the accredited calibration laboratory.<\/p>\n<p>There will be time to discuss your measurement problems in the group or individually with the course leader.<\/p>\n<h3>Content<\/h3>\n<ul>\n<li>Heat transfer with example<\/li>\n<li>Advanced study of resistance thermometers and instruments<\/li>\n<li>More about thermocouples with practical cases<\/li>\n<li>The entire traceability chain, from fix point to measurement in field, is realized with laboratory work in Pentronic&#8217;s accredited laboratory<\/li>\n<li>Measurement with and calibration of IR radiation pyrometer<\/li>\n<li>Background to and calculation of measurement uncertainty according to the GUM method<\/li>\n<\/ul>\n<h2>\n\t\tCustomer specific trainings\n\t<\/h2>\n\tAre your measuring problems internal affairs, have you trouble being away from the location or are several persons to be trained at the same time?<br \/>\nThe solution is a training course at your location. Pentronic has the ability to perform the regular course or tailor a course for your needs and we bring the necessary training equipments. We are experienced of both ways, for large or small groups. Also in English language.<br \/>\nThe training material can be the equipment used by the department or used in the process of the company, completed with equipment from Pentronic if necessary. The result will be new know-how that directly could be applied in your own work. Through the years Pentronic has trained technicians at many wellknown companies of the Scandinavian countries.\n\t\t\t\t<img loading=\"lazy\" decoding=\"async\" src=\"https:\/\/www.pentronic.se\/wp-content\/uploads\/2019\/02\/MickeHassanLisa-853x1280.jpg\" alt=\"A training course at your company means that we focus on your specific questions. In other words, the training is tailored to the needs of the company.\" itemprop=\"image\" height=\"1280\" width=\"853\" title=\"MickeHassanLisa\" onerror=\"this.style.display='none'\"  \/>\n\t\tA training course at your company means that we focus on your specific questions. In other words, the training is tailored to the needs of the company.\n<h2>\n\t\tOur Academy Team\n\t<\/h2>\n\t\t\t\t<img loading=\"lazy\" decoding=\"async\" src=\"https:\/\/www.pentronic.se\/wp-content\/uploads\/2019\/04\/pentronic-20.jpg\" alt=\"Michael Steiner\nF\u00f6rs\u00e4ljningsingenj\u00f6r med f\u00f6rflutet p\u00e5 Pentronics ackrediterade kalibrerings-laboratorium sedan 1994, d\u00e4r han under en period ansvarade f\u00f6r kalibrering av IR-pyrometrar. Arbetar idag med att l\u00f6sa m\u00e4t-tekniska problem\" itemprop=\"image\" height=\"960\" width=\"742\" title=\"pentronic-20\" onerror=\"this.style.display='none'\"  \/>\n\t<strong>Trainer, Michael Steiner<\/strong><br \/>\nSales engineer with the past at Pentronic&#8217;s accredited calibration laboratory since 1994, during which he was responsible for calibration of IR pyrometers for a period. Working today to solve measurement-technical problems.\n\t\t\t\t<img loading=\"lazy\" decoding=\"async\" src=\"https:\/\/www.pentronic.se\/wp-content\/uploads\/2019\/04\/pentronic-3.jpg\" alt=\"Camilla Gustafsson\nAdministrerar kurserna fr\u00e5n b\u00f6rjan till slut. Hon tar hand om anm\u00e4lningar, svarar p\u00e5 fr\u00e5gor samt s\u00f6rjer f\u00f6r att kursdoku-\nmentationen \u00e4r av senaste version. \" itemprop=\"image\" height=\"960\" width=\"742\" title=\"pentronic-3\" onerror=\"this.style.display='none'\"  \/>\n\t<strong>Administrator, Camilla Gustafsson<\/strong><br \/>\nMarket support at Pentronic since 2017. Manages the courses from start to finish and takes care of notifications, answers questions and ensures that the course documentation is of the latest version.\n\t\t\t\t<img loading=\"lazy\" decoding=\"async\" src=\"https:\/\/www.pentronic.se\/wp-content\/uploads\/2019\/04\/pentronic-19_ny-1-989x1280.jpg\" alt=\"pentronic-19_ny (1)\" itemprop=\"image\" height=\"1280\" width=\"989\" title=\"pentronic-19_ny (1)\" onerror=\"this.style.display='none'\"  \/>\n\t<strong>Trainer, Jonas Bertilsson<\/strong><br \/>\nStarted at Pentronic in 1990 in the accredited temperature calibration laboratory. Today, he works as a sales engineer near Pentronic&#8217;s customers and participates in the development of customer-specific temperature sensors.\n\t\t\t\t<img loading=\"lazy\" decoding=\"async\" src=\"https:\/\/www.pentronic.se\/wp-content\/uploads\/2022\/02\/lars-g-webb-989x1280.jpg\" alt=\"Portr\u00e4tt bild p\u00e5 f\u00f6rs\u00e4ljningsingenj\u00f6r Lars Gr\u00f6nlund\" itemprop=\"image\" height=\"1280\" width=\"989\" title=\"Lars G webb\" onerror=\"this.style.display='none'\"  \/>\n\t<strong>Trainer, Lars Gr\u00f6lund<\/strong><br \/>\nSales engineer with technical responsibility. Started at Pentronic in 1992. Lars has previously worked at our accredited calibration laboratory as a manager for 18 years. He is now part of Pentronic&#8217;s sales team and helps our customers with measurement-technical solutions.\n\n","protected":false},"excerpt":{"rendered":"<p>Pentronic Academy Training courses that save more than they cost Training in temperature measurements can be a more lucrative investment than buying new advanced instruments. And when it is time for instrumentation purchases you have got better knowledge to make wise decisions. Thus, we dare promising that the Pentronic course saves much more than its [&hellip;]<\/p>\n","protected":false},"author":1,"featured_media":0,"parent":7747,"menu_order":0,"comment_status":"closed","ping_status":"closed","template":"template-content_page.php","meta":{"_acf_changed":false,"_genesis_hide_title":false,"_genesis_hide_breadcrumbs":false,"_genesis_hide_singular_image":false,"_genesis_hide_footer_widgets":false,"_genesis_custom_body_class":"","_genesis_custom_post_class":"","_genesis_layout":"","footnotes":""},"class_list":{"0":"post-5789","1":"page","2":"type-page","3":"status-publish","5":"entry"},"acf":[],"yoast_head":"<!-- This site is optimized with the Yoast SEO plugin v27.3 - https:\/\/yoast.com\/product\/yoast-seo-wordpress\/ -->\n<title>Pentronic Academy &#187; Pentronic<\/title>\n<meta name=\"description\" content=\"On this page you find information about Pentronics training in Traceable temperaure measurement. Trainings that save more than they cost.\" \/>\n<meta name=\"robots\" content=\"index, follow, max-snippet:-1, max-image-preview:large, max-video-preview:-1\" \/>\n<link rel=\"canonical\" href=\"https:\/\/www.pentronic.se\/en\/services\/pentronic-academy\/\" \/>\n<meta property=\"og:locale\" content=\"en_US\" \/>\n<meta property=\"og:type\" content=\"article\" \/>\n<meta property=\"og:title\" content=\"Pentronic Academy &#187; Pentronic\" \/>\n<meta property=\"og:description\" content=\"On this page you find information about Pentronics training in Traceable temperaure measurement. Trainings that save more than they cost.\" \/>\n<meta property=\"og:url\" content=\"https:\/\/www.pentronic.se\/en\/services\/pentronic-academy\/\" \/>\n<meta property=\"og:site_name\" content=\"Pentronic\" \/>\n<meta property=\"article:modified_time\" content=\"2022-02-04T08:03:55+00:00\" \/>\n<meta property=\"og:image\" content=\"https:\/\/www.pentronic.se\/wp-content\/uploads\/2019\/02\/LindaJonasNoa-1024x683.jpg\" \/>\n<meta name=\"twitter:card\" content=\"summary_large_image\" \/>\n<meta name=\"twitter:label1\" content=\"Est. reading time\" \/>\n\t<meta name=\"twitter:data1\" content=\"5 minutes\" \/>\n<script type=\"application\/ld+json\" class=\"yoast-schema-graph\">{\"@context\":\"https:\\\/\\\/schema.org\",\"@graph\":[{\"@type\":\"WebPage\",\"@id\":\"https:\\\/\\\/www.pentronic.se\\\/en\\\/services\\\/pentronic-academy\\\/\",\"url\":\"https:\\\/\\\/www.pentronic.se\\\/en\\\/services\\\/pentronic-academy\\\/\",\"name\":\"Pentronic Academy &#187; Pentronic\",\"isPartOf\":{\"@id\":\"https:\\\/\\\/www.pentronic.se\\\/en\\\/#website\"},\"primaryImageOfPage\":{\"@id\":\"https:\\\/\\\/www.pentronic.se\\\/en\\\/services\\\/pentronic-academy\\\/#primaryimage\"},\"image\":{\"@id\":\"https:\\\/\\\/www.pentronic.se\\\/en\\\/services\\\/pentronic-academy\\\/#primaryimage\"},\"thumbnailUrl\":\"https:\\\/\\\/www.pentronic.se\\\/wp-content\\\/uploads\\\/2019\\\/02\\\/LindaJonasNoa-1024x683.jpg\",\"datePublished\":\"2019-05-07T07:13:35+00:00\",\"dateModified\":\"2022-02-04T08:03:55+00:00\",\"description\":\"On this page you find information about Pentronics training in Traceable temperaure measurement. Trainings that save more than they cost.\",\"breadcrumb\":{\"@id\":\"https:\\\/\\\/www.pentronic.se\\\/en\\\/services\\\/pentronic-academy\\\/#breadcrumb\"},\"inLanguage\":\"en-US\",\"potentialAction\":[{\"@type\":\"ReadAction\",\"target\":[\"https:\\\/\\\/www.pentronic.se\\\/en\\\/services\\\/pentronic-academy\\\/\"]}]},{\"@type\":\"ImageObject\",\"inLanguage\":\"en-US\",\"@id\":\"https:\\\/\\\/www.pentronic.se\\\/en\\\/services\\\/pentronic-academy\\\/#primaryimage\",\"url\":\"https:\\\/\\\/www.pentronic.se\\\/wp-content\\\/uploads\\\/2019\\\/02\\\/LindaJonasNoa-1024x683.jpg\",\"contentUrl\":\"https:\\\/\\\/www.pentronic.se\\\/wp-content\\\/uploads\\\/2019\\\/02\\\/LindaJonasNoa-1024x683.jpg\"},{\"@type\":\"BreadcrumbList\",\"@id\":\"https:\\\/\\\/www.pentronic.se\\\/en\\\/services\\\/pentronic-academy\\\/#breadcrumb\",\"itemListElement\":[{\"@type\":\"ListItem\",\"position\":1,\"name\":\"Hem\",\"item\":\"https:\\\/\\\/www.pentronic.se\\\/en\\\/\"},{\"@type\":\"ListItem\",\"position\":2,\"name\":\"Services\",\"item\":\"https:\\\/\\\/www.pentronic.se\\\/en\\\/services\\\/\"},{\"@type\":\"ListItem\",\"position\":3,\"name\":\"Pentronic Academy\"}]},{\"@type\":\"WebSite\",\"@id\":\"https:\\\/\\\/www.pentronic.se\\\/en\\\/#website\",\"url\":\"https:\\\/\\\/www.pentronic.se\\\/en\\\/\",\"name\":\"Pentronic\",\"description\":\"Ledande tillverkare av temperaturgivare\",\"publisher\":{\"@id\":\"https:\\\/\\\/www.pentronic.se\\\/en\\\/#organization\"},\"potentialAction\":[{\"@type\":\"SearchAction\",\"target\":{\"@type\":\"EntryPoint\",\"urlTemplate\":\"https:\\\/\\\/www.pentronic.se\\\/en\\\/?s={search_term_string}\"},\"query-input\":{\"@type\":\"PropertyValueSpecification\",\"valueRequired\":true,\"valueName\":\"search_term_string\"}}],\"inLanguage\":\"en-US\"},{\"@type\":\"Organization\",\"@id\":\"https:\\\/\\\/www.pentronic.se\\\/en\\\/#organization\",\"name\":\"Pentronic AB\",\"url\":\"https:\\\/\\\/www.pentronic.se\\\/en\\\/\",\"logo\":{\"@type\":\"ImageObject\",\"inLanguage\":\"en-US\",\"@id\":\"https:\\\/\\\/www.pentronic.se\\\/en\\\/#\\\/schema\\\/logo\\\/image\\\/\",\"url\":\"https:\\\/\\\/www.pentronic.se\\\/wp-content\\\/uploads\\\/2019\\\/04\\\/pentronic-p_gra-4.jpg\",\"contentUrl\":\"https:\\\/\\\/www.pentronic.se\\\/wp-content\\\/uploads\\\/2019\\\/04\\\/pentronic-p_gra-4.jpg\",\"width\":840,\"height\":830,\"caption\":\"Pentronic AB\"},\"image\":{\"@id\":\"https:\\\/\\\/www.pentronic.se\\\/en\\\/#\\\/schema\\\/logo\\\/image\\\/\"}}]}<\/script>\n<!-- \/ Yoast SEO plugin. -->","yoast_head_json":{"title":"Pentronic Academy &#187; Pentronic","description":"On this page you find information about Pentronics training in Traceable temperaure measurement. Trainings that save more than they cost.","robots":{"index":"index","follow":"follow","max-snippet":"max-snippet:-1","max-image-preview":"max-image-preview:large","max-video-preview":"max-video-preview:-1"},"canonical":"https:\/\/www.pentronic.se\/en\/services\/pentronic-academy\/","og_locale":"en_US","og_type":"article","og_title":"Pentronic Academy &#187; Pentronic","og_description":"On this page you find information about Pentronics training in Traceable temperaure measurement. Trainings that save more than they cost.","og_url":"https:\/\/www.pentronic.se\/en\/services\/pentronic-academy\/","og_site_name":"Pentronic","article_modified_time":"2022-02-04T08:03:55+00:00","og_image":[{"url":"https:\/\/www.pentronic.se\/wp-content\/uploads\/2019\/02\/LindaJonasNoa-1024x683.jpg","type":"","width":"","height":""}],"twitter_card":"summary_large_image","twitter_misc":{"Est. reading time":"5 minutes"},"schema":{"@context":"https:\/\/schema.org","@graph":[{"@type":"WebPage","@id":"https:\/\/www.pentronic.se\/en\/services\/pentronic-academy\/","url":"https:\/\/www.pentronic.se\/en\/services\/pentronic-academy\/","name":"Pentronic Academy &#187; Pentronic","isPartOf":{"@id":"https:\/\/www.pentronic.se\/en\/#website"},"primaryImageOfPage":{"@id":"https:\/\/www.pentronic.se\/en\/services\/pentronic-academy\/#primaryimage"},"image":{"@id":"https:\/\/www.pentronic.se\/en\/services\/pentronic-academy\/#primaryimage"},"thumbnailUrl":"https:\/\/www.pentronic.se\/wp-content\/uploads\/2019\/02\/LindaJonasNoa-1024x683.jpg","datePublished":"2019-05-07T07:13:35+00:00","dateModified":"2022-02-04T08:03:55+00:00","description":"On this page you find information about Pentronics training in Traceable temperaure measurement. Trainings that save more than they cost.","breadcrumb":{"@id":"https:\/\/www.pentronic.se\/en\/services\/pentronic-academy\/#breadcrumb"},"inLanguage":"en-US","potentialAction":[{"@type":"ReadAction","target":["https:\/\/www.pentronic.se\/en\/services\/pentronic-academy\/"]}]},{"@type":"ImageObject","inLanguage":"en-US","@id":"https:\/\/www.pentronic.se\/en\/services\/pentronic-academy\/#primaryimage","url":"https:\/\/www.pentronic.se\/wp-content\/uploads\/2019\/02\/LindaJonasNoa-1024x683.jpg","contentUrl":"https:\/\/www.pentronic.se\/wp-content\/uploads\/2019\/02\/LindaJonasNoa-1024x683.jpg"},{"@type":"BreadcrumbList","@id":"https:\/\/www.pentronic.se\/en\/services\/pentronic-academy\/#breadcrumb","itemListElement":[{"@type":"ListItem","position":1,"name":"Hem","item":"https:\/\/www.pentronic.se\/en\/"},{"@type":"ListItem","position":2,"name":"Services","item":"https:\/\/www.pentronic.se\/en\/services\/"},{"@type":"ListItem","position":3,"name":"Pentronic Academy"}]},{"@type":"WebSite","@id":"https:\/\/www.pentronic.se\/en\/#website","url":"https:\/\/www.pentronic.se\/en\/","name":"Pentronic","description":"Ledande tillverkare av temperaturgivare","publisher":{"@id":"https:\/\/www.pentronic.se\/en\/#organization"},"potentialAction":[{"@type":"SearchAction","target":{"@type":"EntryPoint","urlTemplate":"https:\/\/www.pentronic.se\/en\/?s={search_term_string}"},"query-input":{"@type":"PropertyValueSpecification","valueRequired":true,"valueName":"search_term_string"}}],"inLanguage":"en-US"},{"@type":"Organization","@id":"https:\/\/www.pentronic.se\/en\/#organization","name":"Pentronic AB","url":"https:\/\/www.pentronic.se\/en\/","logo":{"@type":"ImageObject","inLanguage":"en-US","@id":"https:\/\/www.pentronic.se\/en\/#\/schema\/logo\/image\/","url":"https:\/\/www.pentronic.se\/wp-content\/uploads\/2019\/04\/pentronic-p_gra-4.jpg","contentUrl":"https:\/\/www.pentronic.se\/wp-content\/uploads\/2019\/04\/pentronic-p_gra-4.jpg","width":840,"height":830,"caption":"Pentronic AB"},"image":{"@id":"https:\/\/www.pentronic.se\/en\/#\/schema\/logo\/image\/"}}]}},"_links":{"self":[{"href":"https:\/\/www.pentronic.se\/en\/wp-json\/wp\/v2\/pages\/5789","targetHints":{"allow":["GET"]}}],"collection":[{"href":"https:\/\/www.pentronic.se\/en\/wp-json\/wp\/v2\/pages"}],"about":[{"href":"https:\/\/www.pentronic.se\/en\/wp-json\/wp\/v2\/types\/page"}],"author":[{"embeddable":true,"href":"https:\/\/www.pentronic.se\/en\/wp-json\/wp\/v2\/users\/1"}],"replies":[{"embeddable":true,"href":"https:\/\/www.pentronic.se\/en\/wp-json\/wp\/v2\/comments?post=5789"}],"version-history":[{"count":12,"href":"https:\/\/www.pentronic.se\/en\/wp-json\/wp\/v2\/pages\/5789\/revisions"}],"predecessor-version":[{"id":14155,"href":"https:\/\/www.pentronic.se\/en\/wp-json\/wp\/v2\/pages\/5789\/revisions\/14155"}],"up":[{"embeddable":true,"href":"https:\/\/www.pentronic.se\/en\/wp-json\/wp\/v2\/pages\/7747"}],"wp:attachment":[{"href":"https:\/\/www.pentronic.se\/en\/wp-json\/wp\/v2\/media?parent=5789"}],"curies":[{"name":"wp","href":"https:\/\/api.w.org\/{rel}","templated":true}]}}