{"id":4349,"date":"2019-04-09T16:22:28","date_gmt":"2019-04-09T14:22:28","guid":{"rendered":"http:\/\/dev.pentronic.hemsida.eu\/find-us-and-opening-hours\/"},"modified":"2026-01-05T09:42:23","modified_gmt":"2026-01-05T08:42:23","slug":"find-us-and-opening-hours","status":"publish","type":"page","link":"https:\/\/www.pentronic.se\/en\/contact\/find-us-and-opening-hours\/","title":{"rendered":"Find Us and Open Hours"},"content":{"rendered":"\n<h1>\n  Find us &#8211; Open hours<\/h1><h2>\n\t\t\tHead Office, V\u00e4stervik\t<\/h2>\n\t<p><strong>Address: Pentronic AB, Bergsliden 1, 593 96 V\u00e4stervik<\/strong><\/p>\n\t<iframe src=\"https:\/\/www.google.com\/maps\/embed\/v1\/place?q=Bergsliden+1%2C+593+96+V%C3%A4stervik%2C+Sverige%0A&#038;key=AIzaSyD09zQ9PNDNNy9TadMuzRV_UsPUoWKntt8\" aria-hidden=\"true\"><\/iframe>\n\t<h2>Brief Route Guide<\/h2>\n<p>Pentronics head office is located in Verkeb\u00e4ck 6 km south of the exit to V\u00e4stervik.<\/p>\nLeave E22 where road signs direct towards V\u00e4strum, Gunnebo and Verkeb\u00e4ck. After 50 metres, turn to the left into the road directed towards Verkeb\u00e4ck and Pentronic.<br \/>\nAfter 300 metres you will see the Pentronic building.\n<p>Visitor&#8217;s parking is located at the main entrance.<\/p>\n\t<h2>Open Hours<\/h2>\nMay &#8211; September 08:00 &#8211; 16:00<br \/>\nOctober &#8211; April 08:00 &#8211; 16:30\n<strong>Lunch<\/strong><br \/>\n12:00-12:45\n<strong>Days with deviating times in 2026<\/strong><br \/>\n<em>Date<\/em>\u00a0 \u00a0 \u00a0<i>Open Hours<\/i>\u00a0 \u00a0 \u00a0 \u00a0<em>Day<br \/>\n<\/em>5\/1\u00a0 \u00a0 \u00a0 08:00 &#8211; 13:00\u00a0 \u00a0 Twelfth Night<br \/>\n2\/4\u00a0 \u00a0 \u00a0 08:00 &#8211; 13:00\u00a0 \u00a0 Maundy Thursday<br \/>\n30\/4\u00a0 \u00a0 08:00 &#8211; 13:00\u00a0 \u00a0 Walpurgis night<br \/>\n13\/5\u00a0 \u00a0 08:00 &#8211; 13:00\u00a0 \u00a0 Day before Ascension day<br \/>\n30\/10\u00a0 08:00 &#8211; 13:00\u00a0 \u00a0 Day before All Saints day\n<p>&nbsp;<\/p>\n<h2>\n\t\t\tBranch office, Karlstad\t<\/h2>\n\t<p><strong>Address: Pentronic AB, Gr\u00e4sdalsgatan 7, 653 36 Karlstad<\/strong><\/p>\n\t<iframe src=\"https:\/\/www.google.com\/maps\/embed\/v1\/place?q=Gr%C3%A4sdalsgatan+7&#038;key=AIzaSyD09zQ9PNDNNy9TadMuzRV_UsPUoWKntt8\" aria-hidden=\"true\"><\/iframe>\n\n","protected":false},"excerpt":{"rendered":"<p>Find us &#8211; Open hours Head Office, V\u00e4stervik Address: Pentronic AB, Bergsliden 1, 593 96 V\u00e4stervik Brief Route Guide Pentronics head office is located in Verkeb\u00e4ck 6 km south of the exit to V\u00e4stervik. Leave E22 where road signs direct towards V\u00e4strum, Gunnebo and Verkeb\u00e4ck. After 50 metres, turn to the left into the road [&hellip;]<\/p>\n","protected":false},"author":1,"featured_media":0,"parent":7748,"menu_order":0,"comment_status":"closed","ping_status":"closed","template":"template-content_page.php","meta":{"_acf_changed":false,"_genesis_hide_title":false,"_genesis_hide_breadcrumbs":false,"_genesis_hide_singular_image":false,"_genesis_hide_footer_widgets":false,"_genesis_custom_body_class":"","_genesis_custom_post_class":"","_genesis_layout":"","footnotes":""},"class_list":{"0":"post-4349","1":"page","2":"type-page","3":"status-publish","5":"entry"},"acf":[],"yoast_head":"<!-- This site is optimized with the Yoast SEO plugin v27.3 - https:\/\/yoast.com\/product\/yoast-seo-wordpress\/ -->\n<title>Find Us and Open Hours &#187; Pentronic<\/title>\n<meta name=\"description\" content=\"Here you will find open hours, map and brief rote guide to Pentronic\" \/>\n<meta name=\"robots\" content=\"index, follow, max-snippet:-1, max-image-preview:large, max-video-preview:-1\" \/>\n<link rel=\"canonical\" href=\"https:\/\/www.pentronic.se\/en\/contact\/find-us-and-opening-hours\/\" \/>\n<meta property=\"og:locale\" content=\"en_US\" \/>\n<meta property=\"og:type\" content=\"article\" \/>\n<meta property=\"og:title\" content=\"Find Us and Open Hours &#187; Pentronic\" \/>\n<meta property=\"og:description\" content=\"Here you will find open hours, map and brief rote guide to Pentronic\" \/>\n<meta property=\"og:url\" content=\"https:\/\/www.pentronic.se\/en\/contact\/find-us-and-opening-hours\/\" \/>\n<meta property=\"og:site_name\" content=\"Pentronic\" \/>\n<meta property=\"article:modified_time\" content=\"2026-01-05T08:42:23+00:00\" \/>\n<meta name=\"twitter:card\" content=\"summary_large_image\" \/>\n<meta name=\"twitter:label1\" content=\"Est. reading time\" \/>\n\t<meta name=\"twitter:data1\" content=\"1 minute\" \/>\n<script type=\"application\/ld+json\" class=\"yoast-schema-graph\">{\"@context\":\"https:\\\/\\\/schema.org\",\"@graph\":[{\"@type\":\"WebPage\",\"@id\":\"https:\\\/\\\/www.pentronic.se\\\/en\\\/contact\\\/find-us-and-opening-hours\\\/\",\"url\":\"https:\\\/\\\/www.pentronic.se\\\/en\\\/contact\\\/find-us-and-opening-hours\\\/\",\"name\":\"Find Us and Open Hours &#187; Pentronic\",\"isPartOf\":{\"@id\":\"https:\\\/\\\/www.pentronic.se\\\/en\\\/#website\"},\"datePublished\":\"2019-04-09T14:22:28+00:00\",\"dateModified\":\"2026-01-05T08:42:23+00:00\",\"description\":\"Here you will find open hours, map and brief rote guide to Pentronic\",\"breadcrumb\":{\"@id\":\"https:\\\/\\\/www.pentronic.se\\\/en\\\/contact\\\/find-us-and-opening-hours\\\/#breadcrumb\"},\"inLanguage\":\"en-US\",\"potentialAction\":[{\"@type\":\"ReadAction\",\"target\":[\"https:\\\/\\\/www.pentronic.se\\\/en\\\/contact\\\/find-us-and-opening-hours\\\/\"]}]},{\"@type\":\"BreadcrumbList\",\"@id\":\"https:\\\/\\\/www.pentronic.se\\\/en\\\/contact\\\/find-us-and-opening-hours\\\/#breadcrumb\",\"itemListElement\":[{\"@type\":\"ListItem\",\"position\":1,\"name\":\"Hem\",\"item\":\"https:\\\/\\\/www.pentronic.se\\\/en\\\/\"},{\"@type\":\"ListItem\",\"position\":2,\"name\":\"Contact\",\"item\":\"https:\\\/\\\/www.pentronic.se\\\/en\\\/contact\\\/\"},{\"@type\":\"ListItem\",\"position\":3,\"name\":\"Find Us and Open Hours\"}]},{\"@type\":\"WebSite\",\"@id\":\"https:\\\/\\\/www.pentronic.se\\\/en\\\/#website\",\"url\":\"https:\\\/\\\/www.pentronic.se\\\/en\\\/\",\"name\":\"Pentronic\",\"description\":\"Ledande tillverkare av temperaturgivare\",\"publisher\":{\"@id\":\"https:\\\/\\\/www.pentronic.se\\\/en\\\/#organization\"},\"potentialAction\":[{\"@type\":\"SearchAction\",\"target\":{\"@type\":\"EntryPoint\",\"urlTemplate\":\"https:\\\/\\\/www.pentronic.se\\\/en\\\/?s={search_term_string}\"},\"query-input\":{\"@type\":\"PropertyValueSpecification\",\"valueRequired\":true,\"valueName\":\"search_term_string\"}}],\"inLanguage\":\"en-US\"},{\"@type\":\"Organization\",\"@id\":\"https:\\\/\\\/www.pentronic.se\\\/en\\\/#organization\",\"name\":\"Pentronic AB\",\"url\":\"https:\\\/\\\/www.pentronic.se\\\/en\\\/\",\"logo\":{\"@type\":\"ImageObject\",\"inLanguage\":\"en-US\",\"@id\":\"https:\\\/\\\/www.pentronic.se\\\/en\\\/#\\\/schema\\\/logo\\\/image\\\/\",\"url\":\"https:\\\/\\\/www.pentronic.se\\\/wp-content\\\/uploads\\\/2019\\\/04\\\/pentronic-p_gra-4.jpg\",\"contentUrl\":\"https:\\\/\\\/www.pentronic.se\\\/wp-content\\\/uploads\\\/2019\\\/04\\\/pentronic-p_gra-4.jpg\",\"width\":840,\"height\":830,\"caption\":\"Pentronic AB\"},\"image\":{\"@id\":\"https:\\\/\\\/www.pentronic.se\\\/en\\\/#\\\/schema\\\/logo\\\/image\\\/\"}}]}<\/script>\n<!-- \/ Yoast SEO plugin. -->","yoast_head_json":{"title":"Find Us and Open Hours &#187; Pentronic","description":"Here you will find open hours, map and brief rote guide to Pentronic","robots":{"index":"index","follow":"follow","max-snippet":"max-snippet:-1","max-image-preview":"max-image-preview:large","max-video-preview":"max-video-preview:-1"},"canonical":"https:\/\/www.pentronic.se\/en\/contact\/find-us-and-opening-hours\/","og_locale":"en_US","og_type":"article","og_title":"Find Us and Open Hours &#187; Pentronic","og_description":"Here you will find open hours, map and brief rote guide to Pentronic","og_url":"https:\/\/www.pentronic.se\/en\/contact\/find-us-and-opening-hours\/","og_site_name":"Pentronic","article_modified_time":"2026-01-05T08:42:23+00:00","twitter_card":"summary_large_image","twitter_misc":{"Est. reading time":"1 minute"},"schema":{"@context":"https:\/\/schema.org","@graph":[{"@type":"WebPage","@id":"https:\/\/www.pentronic.se\/en\/contact\/find-us-and-opening-hours\/","url":"https:\/\/www.pentronic.se\/en\/contact\/find-us-and-opening-hours\/","name":"Find Us and Open Hours &#187; Pentronic","isPartOf":{"@id":"https:\/\/www.pentronic.se\/en\/#website"},"datePublished":"2019-04-09T14:22:28+00:00","dateModified":"2026-01-05T08:42:23+00:00","description":"Here you will find open hours, map and brief rote guide to Pentronic","breadcrumb":{"@id":"https:\/\/www.pentronic.se\/en\/contact\/find-us-and-opening-hours\/#breadcrumb"},"inLanguage":"en-US","potentialAction":[{"@type":"ReadAction","target":["https:\/\/www.pentronic.se\/en\/contact\/find-us-and-opening-hours\/"]}]},{"@type":"BreadcrumbList","@id":"https:\/\/www.pentronic.se\/en\/contact\/find-us-and-opening-hours\/#breadcrumb","itemListElement":[{"@type":"ListItem","position":1,"name":"Hem","item":"https:\/\/www.pentronic.se\/en\/"},{"@type":"ListItem","position":2,"name":"Contact","item":"https:\/\/www.pentronic.se\/en\/contact\/"},{"@type":"ListItem","position":3,"name":"Find Us and Open Hours"}]},{"@type":"WebSite","@id":"https:\/\/www.pentronic.se\/en\/#website","url":"https:\/\/www.pentronic.se\/en\/","name":"Pentronic","description":"Ledande tillverkare av temperaturgivare","publisher":{"@id":"https:\/\/www.pentronic.se\/en\/#organization"},"potentialAction":[{"@type":"SearchAction","target":{"@type":"EntryPoint","urlTemplate":"https:\/\/www.pentronic.se\/en\/?s={search_term_string}"},"query-input":{"@type":"PropertyValueSpecification","valueRequired":true,"valueName":"search_term_string"}}],"inLanguage":"en-US"},{"@type":"Organization","@id":"https:\/\/www.pentronic.se\/en\/#organization","name":"Pentronic AB","url":"https:\/\/www.pentronic.se\/en\/","logo":{"@type":"ImageObject","inLanguage":"en-US","@id":"https:\/\/www.pentronic.se\/en\/#\/schema\/logo\/image\/","url":"https:\/\/www.pentronic.se\/wp-content\/uploads\/2019\/04\/pentronic-p_gra-4.jpg","contentUrl":"https:\/\/www.pentronic.se\/wp-content\/uploads\/2019\/04\/pentronic-p_gra-4.jpg","width":840,"height":830,"caption":"Pentronic AB"},"image":{"@id":"https:\/\/www.pentronic.se\/en\/#\/schema\/logo\/image\/"}}]}},"_links":{"self":[{"href":"https:\/\/www.pentronic.se\/en\/wp-json\/wp\/v2\/pages\/4349","targetHints":{"allow":["GET"]}}],"collection":[{"href":"https:\/\/www.pentronic.se\/en\/wp-json\/wp\/v2\/pages"}],"about":[{"href":"https:\/\/www.pentronic.se\/en\/wp-json\/wp\/v2\/types\/page"}],"author":[{"embeddable":true,"href":"https:\/\/www.pentronic.se\/en\/wp-json\/wp\/v2\/users\/1"}],"replies":[{"embeddable":true,"href":"https:\/\/www.pentronic.se\/en\/wp-json\/wp\/v2\/comments?post=4349"}],"version-history":[{"count":57,"href":"https:\/\/www.pentronic.se\/en\/wp-json\/wp\/v2\/pages\/4349\/revisions"}],"predecessor-version":[{"id":18103,"href":"https:\/\/www.pentronic.se\/en\/wp-json\/wp\/v2\/pages\/4349\/revisions\/18103"}],"up":[{"embeddable":true,"href":"https:\/\/www.pentronic.se\/en\/wp-json\/wp\/v2\/pages\/7748"}],"wp:attachment":[{"href":"https:\/\/www.pentronic.se\/en\/wp-json\/wp\/v2\/media?parent=4349"}],"curies":[{"name":"wp","href":"https:\/\/api.w.org\/{rel}","templated":true}]}}